{"id":3996,"date":"2024-09-04T14:17:50","date_gmt":"2024-09-04T12:17:50","guid":{"rendered":"https:\/\/cortinahotelpanda.it\/wo-wir-sind\/"},"modified":"2024-09-06T14:56:38","modified_gmt":"2024-09-06T12:56:38","slug":"wo-wir-sind","status":"publish","type":"page","link":"https:\/\/cortinahotelpanda.it\/de\/wo-wir-sind\/","title":{"rendered":"Wo wir sind"},"content":{"rendered":"\t\t<div data-elementor-type=\"wp-page\" data-elementor-id=\"3996\" class=\"elementor elementor-3996 elementor-3825\" data-elementor-post-type=\"page\">\n\t\t\t\t<div class=\"has_eae_slider elementor-element elementor-element-6f9dcac e-flex e-con-boxed e-con e-parent\" data-eae-slider=\"53159\" data-id=\"6f9dcac\" data-element_type=\"container\" data-e-type=\"container\">\n\t\t\t\t\t<div class=\"e-con-inner\">\n\t\t<div class=\"has_eae_slider elementor-element elementor-element-7d83cb0 e-con-full e-flex e-con e-child\" data-eae-slider=\"74493\" data-id=\"7d83cb0\" data-element_type=\"container\" data-e-type=\"container\">\n\t\t\t\t<div class=\"elementor-element elementor-element-4bcc56b elementor-widget elementor-widget-heading\" data-id=\"4bcc56b\" data-element_type=\"widget\" data-e-type=\"widget\" data-widget_type=\"heading.default\">\n\t\t\t\t<div class=\"elementor-widget-container\">\n\t\t\t\t\t<h2 class=\"elementor-heading-title elementor-size-default\">Im Herzen von Cortina d'Ampezzo<\/h2>\t\t\t\t<\/div>\n\t\t\t\t<\/div>\n\t\t\t\t<div class=\"elementor-element elementor-element-40fc66e elementor-widget elementor-widget-text-editor\" data-id=\"40fc66e\" data-element_type=\"widget\" data-e-type=\"widget\" data-widget_type=\"text-editor.default\">\n\t\t\t\t<div class=\"elementor-widget-container\">\n\t\t\t\t\t\t\t\t\t<p>Willkommen im Hotel Panda, einer Ecke voller Komfort und W\u00e4rme im Herzen von Cortina d&#8217;Ampezzo.<br \/>\nUnser Hotel liegt nur wenige Schritte vom Corso Italia entfernt und genie\u00dft eine strategische Lage, von der aus Sie die wichtigsten Sehensw\u00fcrdigkeiten leicht erreichen k\u00f6nnen. <\/p>\n\t\t\t\t\t\t\t\t<\/div>\n\t\t\t\t<\/div>\n\t\t\t\t<div class=\"elementor-element elementor-element-555c72b elementor-widget__width-initial custom-button elementor-widget elementor-widget-button\" data-id=\"555c72b\" data-element_type=\"widget\" data-e-type=\"widget\" data-widget_type=\"button.default\">\n\t\t\t\t<div class=\"elementor-widget-container\">\n\t\t\t\t\t\t\t\t\t<div class=\"elementor-button-wrapper\">\n\t\t\t\t\t<a class=\"elementor-button elementor-button-link elementor-size-sm\" href=\"https:\/\/maps.app.goo.gl\/TAvYGv66Ho5aYUij6\" target=\"_blank\">\n\t\t\t\t\t\t<span class=\"elementor-button-content-wrapper\">\n\t\t\t\t\t\t\t\t\t<span class=\"elementor-button-text\">SEHEN SIE SICH DIE KARTE AN<\/span>\n\t\t\t\t\t<\/span>\n\t\t\t\t\t<\/a>\n\t\t\t\t<\/div>\n\t\t\t\t\t\t\t\t<\/div>\n\t\t\t\t<\/div>\n\t\t\t\t<\/div>\n\t\t<div class=\"has_eae_slider elementor-element elementor-element-698ed2f e-con-full e-flex e-con e-child\" data-eae-slider=\"750\" data-id=\"698ed2f\" data-element_type=\"container\" data-e-type=\"container\" data-settings=\"{&quot;background_background&quot;:&quot;classic&quot;}\">\n\t\t\t\t<div class=\"elementor-element elementor-element-85491fe elementor-widget elementor-widget-html\" data-id=\"85491fe\" data-element_type=\"widget\" data-e-type=\"widget\" data-widget_type=\"html.default\">\n\t\t\t\t<div class=\"elementor-widget-container\">\n\t\t\t\t\t<iframe src=\"https:\/\/www.google.com\/maps\/embed?pb=!1m18!1m12!1m3!1d242.2694532713334!2d12.140827493771038!3d46.53447849645823!2m3!1f0!2f0!3f0!3m2!1i1024!2i768!4f13.1!3m3!1m2!1s0x477834366a4257a1%3A0xaa45a685e4b561fe!2sHotel%20Panda!5e1!3m2!1sit!2sit!4v1725540994021!5m2!1sit!2sit\" width=\"600\" height=\"450\" style=\"border:0;\" allowfullscreen=\"\" loading=\"lazy\" referrerpolicy=\"no-referrer-when-downgrade\"><\/iframe>\t\t\t\t<\/div>\n\t\t\t\t<\/div>\n\t\t\t\t<\/div>\n\t\t\t\t\t<\/div>\n\t\t\t\t<\/div>\n\t\t\t\t<\/div>\n\t\t","protected":false},"excerpt":{"rendered":"<p>Im Herzen von Cortina d&#8217;Ampezzo Willkommen im Hotel Panda, einer Ecke voller Komfort und W\u00e4rme im Herzen von Cortina d&#8217;Ampezzo. Unser Hotel liegt nur wenige Schritte vom Corso Italia entfernt und genie\u00dft eine strategische Lage, von der aus Sie die wichtigsten Sehensw\u00fcrdigkeiten leicht erreichen k\u00f6nnen. SEHEN SIE SICH DIE KARTE AN<\/p>\n","protected":false},"author":1,"featured_media":3189,"parent":0,"menu_order":0,"comment_status":"closed","ping_status":"closed","template":"","meta":{"_acf_changed":false,"footnotes":""},"class_list":["post-3996","page","type-page","status-publish","has-post-thumbnail","hentry"],"acf":[],"yoast_head":"<!-- This site is optimized with the Yoast SEO plugin v27.2 - https:\/\/yoast.com\/product\/yoast-seo-wordpress\/ -->\n<title>Wo wir sind - Hotel Panda<\/title>\n<meta name=\"robots\" content=\"index, follow, max-snippet:-1, max-image-preview:large, max-video-preview:-1\" \/>\n<link rel=\"canonical\" href=\"https:\/\/cortinahotelpanda.it\/de\/wo-wir-sind\/\" \/>\n<meta property=\"og:locale\" content=\"de_DE\" \/>\n<meta property=\"og:type\" content=\"article\" \/>\n<meta property=\"og:title\" content=\"Wo wir sind - Hotel Panda\" \/>\n<meta property=\"og:description\" content=\"Im Herzen von Cortina d&#8217;Ampezzo Willkommen im Hotel Panda, einer Ecke voller Komfort und W\u00e4rme im Herzen von Cortina d&#8217;Ampezzo. Unser Hotel liegt nur wenige Schritte vom Corso Italia entfernt und genie\u00dft eine strategische Lage, von der aus Sie die wichtigsten Sehensw\u00fcrdigkeiten leicht erreichen k\u00f6nnen. SEHEN SIE SICH DIE KARTE AN\" \/>\n<meta property=\"og:url\" content=\"https:\/\/cortinahotelpanda.it\/de\/wo-wir-sind\/\" \/>\n<meta property=\"og:site_name\" content=\"Hotel Panda\" \/>\n<meta property=\"article:modified_time\" content=\"2024-09-06T12:56:38+00:00\" \/>\n<meta property=\"og:image\" content=\"https:\/\/cortinahotelpanda.it\/wp-content\/uploads\/2024\/08\/Gruppo-di-edifici-in-una-zona-innevata.webp\" \/>\n\t<meta property=\"og:image:width\" content=\"1442\" \/>\n\t<meta property=\"og:image:height\" content=\"1080\" \/>\n\t<meta property=\"og:image:type\" content=\"image\/webp\" \/>\n<meta name=\"twitter:card\" content=\"summary_large_image\" \/>\n<script type=\"application\/ld+json\" class=\"yoast-schema-graph\">{\"@context\":\"https:\/\/schema.org\",\"@graph\":[{\"@type\":\"WebPage\",\"@id\":\"https:\/\/cortinahotelpanda.it\/de\/wo-wir-sind\/\",\"url\":\"https:\/\/cortinahotelpanda.it\/de\/wo-wir-sind\/\",\"name\":\"Wo wir sind - Hotel Panda\",\"isPartOf\":{\"@id\":\"https:\/\/cortinahotelpanda.it\/de\/#website\"},\"primaryImageOfPage\":{\"@id\":\"https:\/\/cortinahotelpanda.it\/de\/wo-wir-sind\/#primaryimage\"},\"image\":{\"@id\":\"https:\/\/cortinahotelpanda.it\/de\/wo-wir-sind\/#primaryimage\"},\"thumbnailUrl\":\"https:\/\/cortinahotelpanda.it\/wp-content\/uploads\/2024\/08\/Gruppo-di-edifici-in-una-zona-innevata.webp\",\"datePublished\":\"2024-09-04T12:17:50+00:00\",\"dateModified\":\"2024-09-06T12:56:38+00:00\",\"breadcrumb\":{\"@id\":\"https:\/\/cortinahotelpanda.it\/de\/wo-wir-sind\/#breadcrumb\"},\"inLanguage\":\"de\",\"potentialAction\":[{\"@type\":\"ReadAction\",\"target\":[\"https:\/\/cortinahotelpanda.it\/de\/wo-wir-sind\/\"]}]},{\"@type\":\"ImageObject\",\"inLanguage\":\"de\",\"@id\":\"https:\/\/cortinahotelpanda.it\/de\/wo-wir-sind\/#primaryimage\",\"url\":\"https:\/\/cortinahotelpanda.it\/wp-content\/uploads\/2024\/08\/Gruppo-di-edifici-in-una-zona-innevata.webp\",\"contentUrl\":\"https:\/\/cortinahotelpanda.it\/wp-content\/uploads\/2024\/08\/Gruppo-di-edifici-in-una-zona-innevata.webp\",\"width\":1442,\"height\":1080},{\"@type\":\"BreadcrumbList\",\"@id\":\"https:\/\/cortinahotelpanda.it\/de\/wo-wir-sind\/#breadcrumb\",\"itemListElement\":[{\"@type\":\"ListItem\",\"position\":1,\"name\":\"Home\",\"item\":\"https:\/\/cortinahotelpanda.it\/de\/\"},{\"@type\":\"ListItem\",\"position\":2,\"name\":\"Wo wir sind\"}]},{\"@type\":\"WebSite\",\"@id\":\"https:\/\/cortinahotelpanda.it\/de\/#website\",\"url\":\"https:\/\/cortinahotelpanda.it\/de\/\",\"name\":\"Hotel Panda\",\"description\":\"\",\"potentialAction\":[{\"@type\":\"SearchAction\",\"target\":{\"@type\":\"EntryPoint\",\"urlTemplate\":\"https:\/\/cortinahotelpanda.it\/de\/?s={search_term_string}\"},\"query-input\":{\"@type\":\"PropertyValueSpecification\",\"valueRequired\":true,\"valueName\":\"search_term_string\"}}],\"inLanguage\":\"de\"}]}<\/script>\n<!-- \/ Yoast SEO plugin. -->","yoast_head_json":{"title":"Wo wir sind - Hotel Panda","robots":{"index":"index","follow":"follow","max-snippet":"max-snippet:-1","max-image-preview":"max-image-preview:large","max-video-preview":"max-video-preview:-1"},"canonical":"https:\/\/cortinahotelpanda.it\/de\/wo-wir-sind\/","og_locale":"de_DE","og_type":"article","og_title":"Wo wir sind - Hotel Panda","og_description":"Im Herzen von Cortina d&#8217;Ampezzo Willkommen im Hotel Panda, einer Ecke voller Komfort und W\u00e4rme im Herzen von Cortina d&#8217;Ampezzo. Unser Hotel liegt nur wenige Schritte vom Corso Italia entfernt und genie\u00dft eine strategische Lage, von der aus Sie die wichtigsten Sehensw\u00fcrdigkeiten leicht erreichen k\u00f6nnen. SEHEN SIE SICH DIE KARTE AN","og_url":"https:\/\/cortinahotelpanda.it\/de\/wo-wir-sind\/","og_site_name":"Hotel Panda","article_modified_time":"2024-09-06T12:56:38+00:00","og_image":[{"width":1442,"height":1080,"url":"https:\/\/cortinahotelpanda.it\/wp-content\/uploads\/2024\/08\/Gruppo-di-edifici-in-una-zona-innevata.webp","type":"image\/webp"}],"twitter_card":"summary_large_image","schema":{"@context":"https:\/\/schema.org","@graph":[{"@type":"WebPage","@id":"https:\/\/cortinahotelpanda.it\/de\/wo-wir-sind\/","url":"https:\/\/cortinahotelpanda.it\/de\/wo-wir-sind\/","name":"Wo wir sind - Hotel Panda","isPartOf":{"@id":"https:\/\/cortinahotelpanda.it\/de\/#website"},"primaryImageOfPage":{"@id":"https:\/\/cortinahotelpanda.it\/de\/wo-wir-sind\/#primaryimage"},"image":{"@id":"https:\/\/cortinahotelpanda.it\/de\/wo-wir-sind\/#primaryimage"},"thumbnailUrl":"https:\/\/cortinahotelpanda.it\/wp-content\/uploads\/2024\/08\/Gruppo-di-edifici-in-una-zona-innevata.webp","datePublished":"2024-09-04T12:17:50+00:00","dateModified":"2024-09-06T12:56:38+00:00","breadcrumb":{"@id":"https:\/\/cortinahotelpanda.it\/de\/wo-wir-sind\/#breadcrumb"},"inLanguage":"de","potentialAction":[{"@type":"ReadAction","target":["https:\/\/cortinahotelpanda.it\/de\/wo-wir-sind\/"]}]},{"@type":"ImageObject","inLanguage":"de","@id":"https:\/\/cortinahotelpanda.it\/de\/wo-wir-sind\/#primaryimage","url":"https:\/\/cortinahotelpanda.it\/wp-content\/uploads\/2024\/08\/Gruppo-di-edifici-in-una-zona-innevata.webp","contentUrl":"https:\/\/cortinahotelpanda.it\/wp-content\/uploads\/2024\/08\/Gruppo-di-edifici-in-una-zona-innevata.webp","width":1442,"height":1080},{"@type":"BreadcrumbList","@id":"https:\/\/cortinahotelpanda.it\/de\/wo-wir-sind\/#breadcrumb","itemListElement":[{"@type":"ListItem","position":1,"name":"Home","item":"https:\/\/cortinahotelpanda.it\/de\/"},{"@type":"ListItem","position":2,"name":"Wo wir sind"}]},{"@type":"WebSite","@id":"https:\/\/cortinahotelpanda.it\/de\/#website","url":"https:\/\/cortinahotelpanda.it\/de\/","name":"Hotel Panda","description":"","potentialAction":[{"@type":"SearchAction","target":{"@type":"EntryPoint","urlTemplate":"https:\/\/cortinahotelpanda.it\/de\/?s={search_term_string}"},"query-input":{"@type":"PropertyValueSpecification","valueRequired":true,"valueName":"search_term_string"}}],"inLanguage":"de"}]}},"_links":{"self":[{"href":"https:\/\/cortinahotelpanda.it\/de\/wp-json\/wp\/v2\/pages\/3996","targetHints":{"allow":["GET"]}}],"collection":[{"href":"https:\/\/cortinahotelpanda.it\/de\/wp-json\/wp\/v2\/pages"}],"about":[{"href":"https:\/\/cortinahotelpanda.it\/de\/wp-json\/wp\/v2\/types\/page"}],"author":[{"embeddable":true,"href":"https:\/\/cortinahotelpanda.it\/de\/wp-json\/wp\/v2\/users\/1"}],"replies":[{"embeddable":true,"href":"https:\/\/cortinahotelpanda.it\/de\/wp-json\/wp\/v2\/comments?post=3996"}],"version-history":[{"count":0,"href":"https:\/\/cortinahotelpanda.it\/de\/wp-json\/wp\/v2\/pages\/3996\/revisions"}],"wp:featuredmedia":[{"embeddable":true,"href":"https:\/\/cortinahotelpanda.it\/de\/wp-json\/wp\/v2\/media\/3189"}],"wp:attachment":[{"href":"https:\/\/cortinahotelpanda.it\/de\/wp-json\/wp\/v2\/media?parent=3996"}],"curies":[{"name":"wp","href":"https:\/\/api.w.org\/{rel}","templated":true}]}}